{"id":285,"date":"2024-09-04T19:00:16","date_gmt":"2024-09-04T17:00:16","guid":{"rendered":"https:\/\/www.libroclub.org\/?page_id=285"},"modified":"2025-04-18T17:21:44","modified_gmt":"2025-04-18T15:21:44","slug":"285-2","status":"publish","type":"page","link":"https:\/\/www.libroclub.org\/?page_id=285","title":{"rendered":"Gal\u00e9ria"},"content":{"rendered":"\n<h1 class=\"wp-block-heading has-text-align-center\">Gal\u00e9ria<\/h1>\n\n\n\n<div class=\"wp-block-columns is-layout-flex wp-container-core-columns-is-layout-1 wp-block-columns-is-layout-flex\">\n<div class=\"wp-block-column is-layout-flow wp-block-column-is-layout-flow\" style=\"flex-basis:100%\">\n<figure class=\"wp-block-video\"><video controls src=\"https:\/\/www.libroclub.org\/wp-content\/uploads\/2025\/04\/Libro-ad.mp4\"><\/video><\/figure>\n<\/div>\n<\/div>\n\n\n\n<figure class=\"wp-block-gallery has-nested-images columns-default is-cropped wp-block-gallery-2 is-layout-flex wp-block-gallery-is-layout-flex\">\n<figure class=\"wp-block-image size-large is-style-default wp-duotone-unset-1\"><img loading=\"lazy\" decoding=\"async\" width=\"857\" height=\"649\" data-id=\"293\" src=\"https:\/\/www.libroclub.org\/wp-content\/uploads\/2024\/09\/Screenshot-2024-09-04-at-18.55.39.jpg\" alt=\"\" class=\"wp-image-293\" srcset=\"https:\/\/www.libroclub.org\/wp-content\/uploads\/2024\/09\/Screenshot-2024-09-04-at-18.55.39.jpg 857w, https:\/\/www.libroclub.org\/wp-content\/uploads\/2024\/09\/Screenshot-2024-09-04-at-18.55.39-300x227.jpg 300w, https:\/\/www.libroclub.org\/wp-content\/uploads\/2024\/09\/Screenshot-2024-09-04-at-18.55.39-768x582.jpg 768w\" sizes=\"(max-width: 857px) 100vw, 857px\" \/><\/figure>\n\n\n\n<figure class=\"wp-block-image size-large\"><img loading=\"lazy\" decoding=\"async\" width=\"860\" height=\"775\" data-id=\"294\" src=\"https:\/\/www.libroclub.org\/wp-content\/uploads\/2024\/09\/Screenshot-2024-09-04-at-18.56.54.jpg\" alt=\"\" class=\"wp-image-294\" srcset=\"https:\/\/www.libroclub.org\/wp-content\/uploads\/2024\/09\/Screenshot-2024-09-04-at-18.56.54.jpg 860w, https:\/\/www.libroclub.org\/wp-content\/uploads\/2024\/09\/Screenshot-2024-09-04-at-18.56.54-300x270.jpg 300w, https:\/\/www.libroclub.org\/wp-content\/uploads\/2024\/09\/Screenshot-2024-09-04-at-18.56.54-768x692.jpg 768w\" sizes=\"(max-width: 860px) 100vw, 860px\" \/><\/figure>\n\n\n\n<figure class=\"wp-block-image size-large\"><img loading=\"lazy\" decoding=\"async\" width=\"863\" height=\"648\" data-id=\"295\" src=\"https:\/\/www.libroclub.org\/wp-content\/uploads\/2024\/09\/Screenshot-2024-09-04-at-18.55.49.jpg\" alt=\"\" class=\"wp-image-295\" srcset=\"https:\/\/www.libroclub.org\/wp-content\/uploads\/2024\/09\/Screenshot-2024-09-04-at-18.55.49.jpg 863w, https:\/\/www.libroclub.org\/wp-content\/uploads\/2024\/09\/Screenshot-2024-09-04-at-18.55.49-300x225.jpg 300w, https:\/\/www.libroclub.org\/wp-content\/uploads\/2024\/09\/Screenshot-2024-09-04-at-18.55.49-768x577.jpg 768w\" sizes=\"(max-width: 863px) 100vw, 863px\" \/><\/figure>\n\n\n\n<figure class=\"wp-block-image size-large\"><img loading=\"lazy\" decoding=\"async\" width=\"871\" height=\"576\" data-id=\"296\" src=\"https:\/\/www.libroclub.org\/wp-content\/uploads\/2024\/09\/Screenshot-2024-09-04-at-18.56.00.jpg\" alt=\"\" class=\"wp-image-296\" srcset=\"https:\/\/www.libroclub.org\/wp-content\/uploads\/2024\/09\/Screenshot-2024-09-04-at-18.56.00.jpg 871w, https:\/\/www.libroclub.org\/wp-content\/uploads\/2024\/09\/Screenshot-2024-09-04-at-18.56.00-300x198.jpg 300w, https:\/\/www.libroclub.org\/wp-content\/uploads\/2024\/09\/Screenshot-2024-09-04-at-18.56.00-768x508.jpg 768w\" sizes=\"(max-width: 871px) 100vw, 871px\" \/><\/figure>\n\n\n\n<figure class=\"wp-block-image size-large\"><img loading=\"lazy\" decoding=\"async\" width=\"864\" height=\"647\" data-id=\"297\" src=\"https:\/\/www.libroclub.org\/wp-content\/uploads\/2024\/09\/Screenshot-2024-09-04-at-18.56.18.jpg\" alt=\"\" class=\"wp-image-297\" srcset=\"https:\/\/www.libroclub.org\/wp-content\/uploads\/2024\/09\/Screenshot-2024-09-04-at-18.56.18.jpg 864w, https:\/\/www.libroclub.org\/wp-content\/uploads\/2024\/09\/Screenshot-2024-09-04-at-18.56.18-300x225.jpg 300w, https:\/\/www.libroclub.org\/wp-content\/uploads\/2024\/09\/Screenshot-2024-09-04-at-18.56.18-768x575.jpg 768w\" sizes=\"(max-width: 864px) 100vw, 864px\" \/><\/figure>\n\n\n\n<figure class=\"wp-block-image size-large\"><img loading=\"lazy\" decoding=\"async\" width=\"862\" height=\"651\" data-id=\"298\" src=\"https:\/\/www.libroclub.org\/wp-content\/uploads\/2024\/09\/Screenshot-2024-09-04-at-18.56.10.jpg\" alt=\"\" class=\"wp-image-298\" srcset=\"https:\/\/www.libroclub.org\/wp-content\/uploads\/2024\/09\/Screenshot-2024-09-04-at-18.56.10.jpg 862w, https:\/\/www.libroclub.org\/wp-content\/uploads\/2024\/09\/Screenshot-2024-09-04-at-18.56.10-300x227.jpg 300w, https:\/\/www.libroclub.org\/wp-content\/uploads\/2024\/09\/Screenshot-2024-09-04-at-18.56.10-768x580.jpg 768w\" sizes=\"(max-width: 862px) 100vw, 862px\" \/><\/figure>\n\n\n\n<figure class=\"wp-block-image size-large\"><img loading=\"lazy\" decoding=\"async\" width=\"861\" height=\"771\" data-id=\"301\" src=\"https:\/\/www.libroclub.org\/wp-content\/uploads\/2024\/09\/Screenshot-2024-09-04-at-18.56.25.jpg\" alt=\"\" class=\"wp-image-301\" srcset=\"https:\/\/www.libroclub.org\/wp-content\/uploads\/2024\/09\/Screenshot-2024-09-04-at-18.56.25.jpg 861w, https:\/\/www.libroclub.org\/wp-content\/uploads\/2024\/09\/Screenshot-2024-09-04-at-18.56.25-300x269.jpg 300w, https:\/\/www.libroclub.org\/wp-content\/uploads\/2024\/09\/Screenshot-2024-09-04-at-18.56.25-768x688.jpg 768w\" sizes=\"(max-width: 861px) 100vw, 861px\" \/><\/figure>\n\n\n\n<figure class=\"wp-block-image size-large\"><img loading=\"lazy\" decoding=\"async\" width=\"864\" height=\"750\" data-id=\"300\" src=\"https:\/\/www.libroclub.org\/wp-content\/uploads\/2024\/09\/Screenshot-2024-09-04-at-18.56.33.jpg\" alt=\"\" class=\"wp-image-300\" srcset=\"https:\/\/www.libroclub.org\/wp-content\/uploads\/2024\/09\/Screenshot-2024-09-04-at-18.56.33.jpg 864w, https:\/\/www.libroclub.org\/wp-content\/uploads\/2024\/09\/Screenshot-2024-09-04-at-18.56.33-300x260.jpg 300w, https:\/\/www.libroclub.org\/wp-content\/uploads\/2024\/09\/Screenshot-2024-09-04-at-18.56.33-768x667.jpg 768w\" sizes=\"(max-width: 864px) 100vw, 864px\" \/><\/figure>\n\n\n\n<figure class=\"wp-block-image size-large\"><img loading=\"lazy\" decoding=\"async\" width=\"865\" height=\"630\" data-id=\"299\" src=\"https:\/\/www.libroclub.org\/wp-content\/uploads\/2024\/09\/Screenshot-2024-09-04-at-18.56.46.jpg\" alt=\"\" class=\"wp-image-299\" srcset=\"https:\/\/www.libroclub.org\/wp-content\/uploads\/2024\/09\/Screenshot-2024-09-04-at-18.56.46.jpg 865w, https:\/\/www.libroclub.org\/wp-content\/uploads\/2024\/09\/Screenshot-2024-09-04-at-18.56.46-300x218.jpg 300w, https:\/\/www.libroclub.org\/wp-content\/uploads\/2024\/09\/Screenshot-2024-09-04-at-18.56.46-768x559.jpg 768w\" sizes=\"(max-width: 865px) 100vw, 865px\" \/><\/figure>\n\n\n\n<figure class=\"wp-block-image size-large\"><img loading=\"lazy\" decoding=\"async\" width=\"768\" height=\"1024\" data-id=\"304\" src=\"https:\/\/www.libroclub.org\/wp-content\/uploads\/2024\/09\/6e3cbdc5-6daa-4363-aacc-ed9cb1a5e1ed-768x1024.jpg\" alt=\"\" class=\"wp-image-304\" srcset=\"https:\/\/www.libroclub.org\/wp-content\/uploads\/2024\/09\/6e3cbdc5-6daa-4363-aacc-ed9cb1a5e1ed-768x1024.jpg 768w, https:\/\/www.libroclub.org\/wp-content\/uploads\/2024\/09\/6e3cbdc5-6daa-4363-aacc-ed9cb1a5e1ed-225x300.jpg 225w, https:\/\/www.libroclub.org\/wp-content\/uploads\/2024\/09\/6e3cbdc5-6daa-4363-aacc-ed9cb1a5e1ed-1152x1536.jpg 1152w, https:\/\/www.libroclub.org\/wp-content\/uploads\/2024\/09\/6e3cbdc5-6daa-4363-aacc-ed9cb1a5e1ed.jpg 1536w\" sizes=\"(max-width: 768px) 100vw, 768px\" \/><\/figure>\n\n\n\n<figure class=\"wp-block-image size-large\"><img loading=\"lazy\" decoding=\"async\" width=\"576\" height=\"1024\" data-id=\"305\" src=\"https:\/\/www.libroclub.org\/wp-content\/uploads\/2024\/09\/63b6ae4a-6ea9-44c7-8d91-78456bb93a61-576x1024.jpg\" alt=\"\" class=\"wp-image-305\" srcset=\"https:\/\/www.libroclub.org\/wp-content\/uploads\/2024\/09\/63b6ae4a-6ea9-44c7-8d91-78456bb93a61-576x1024.jpg 576w, https:\/\/www.libroclub.org\/wp-content\/uploads\/2024\/09\/63b6ae4a-6ea9-44c7-8d91-78456bb93a61-169x300.jpg 169w, https:\/\/www.libroclub.org\/wp-content\/uploads\/2024\/09\/63b6ae4a-6ea9-44c7-8d91-78456bb93a61-768x1365.jpg 768w, https:\/\/www.libroclub.org\/wp-content\/uploads\/2024\/09\/63b6ae4a-6ea9-44c7-8d91-78456bb93a61-864x1536.jpg 864w, https:\/\/www.libroclub.org\/wp-content\/uploads\/2024\/09\/63b6ae4a-6ea9-44c7-8d91-78456bb93a61.jpg 1152w\" sizes=\"(max-width: 576px) 100vw, 576px\" \/><\/figure>\n\n\n\n<figure class=\"wp-block-image size-large\"><img loading=\"lazy\" decoding=\"async\" width=\"819\" height=\"1024\" data-id=\"303\" src=\"https:\/\/www.libroclub.org\/wp-content\/uploads\/2024\/09\/C6962151-9C24-4C24-BC74-C7F4D07E0223-819x1024.jpg\" alt=\"\" class=\"wp-image-303\" srcset=\"https:\/\/www.libroclub.org\/wp-content\/uploads\/2024\/09\/C6962151-9C24-4C24-BC74-C7F4D07E0223-819x1024.jpg 819w, https:\/\/www.libroclub.org\/wp-content\/uploads\/2024\/09\/C6962151-9C24-4C24-BC74-C7F4D07E0223-240x300.jpg 240w, https:\/\/www.libroclub.org\/wp-content\/uploads\/2024\/09\/C6962151-9C24-4C24-BC74-C7F4D07E0223-768x960.jpg 768w, https:\/\/www.libroclub.org\/wp-content\/uploads\/2024\/09\/C6962151-9C24-4C24-BC74-C7F4D07E0223-1229x1536.jpg 1229w, https:\/\/www.libroclub.org\/wp-content\/uploads\/2024\/09\/C6962151-9C24-4C24-BC74-C7F4D07E0223.jpg 1536w\" sizes=\"(max-width: 819px) 100vw, 819px\" \/><\/figure>\n\n\n\n<figure class=\"wp-block-image size-large\"><img loading=\"lazy\" decoding=\"async\" width=\"576\" height=\"1024\" data-id=\"302\" src=\"https:\/\/www.libroclub.org\/wp-content\/uploads\/2024\/09\/fb299ba7-f265-4927-8438-7c2fb66a89a1-576x1024.jpg\" alt=\"\" class=\"wp-image-302\" srcset=\"https:\/\/www.libroclub.org\/wp-content\/uploads\/2024\/09\/fb299ba7-f265-4927-8438-7c2fb66a89a1-576x1024.jpg 576w, https:\/\/www.libroclub.org\/wp-content\/uploads\/2024\/09\/fb299ba7-f265-4927-8438-7c2fb66a89a1-169x300.jpg 169w, https:\/\/www.libroclub.org\/wp-content\/uploads\/2024\/09\/fb299ba7-f265-4927-8438-7c2fb66a89a1-768x1365.jpg 768w, https:\/\/www.libroclub.org\/wp-content\/uploads\/2024\/09\/fb299ba7-f265-4927-8438-7c2fb66a89a1-864x1536.jpg 864w, https:\/\/www.libroclub.org\/wp-content\/uploads\/2024\/09\/fb299ba7-f265-4927-8438-7c2fb66a89a1.jpg 1152w\" sizes=\"(max-width: 576px) 100vw, 576px\" \/><\/figure>\n<\/figure>\n\n\n\n<div class=\"wp-block-columns is-layout-flex wp-container-core-columns-is-layout-2 wp-block-columns-is-layout-flex\">\n<div class=\"wp-block-column is-layout-flow wp-block-column-is-layout-flow\">\n<figure class=\"wp-block-image size-large\"><img loading=\"lazy\" decoding=\"async\" width=\"771\" height=\"1024\" src=\"https:\/\/www.libroclub.org\/wp-content\/uploads\/2025\/04\/12f41f8a-bf9f-4086-a4ac-067f2cc46ffc-771x1024.jpg\" alt=\"\" class=\"wp-image-455\" srcset=\"https:\/\/www.libroclub.org\/wp-content\/uploads\/2025\/04\/12f41f8a-bf9f-4086-a4ac-067f2cc46ffc-771x1024.jpg 771w, https:\/\/www.libroclub.org\/wp-content\/uploads\/2025\/04\/12f41f8a-bf9f-4086-a4ac-067f2cc46ffc-226x300.jpg 226w, https:\/\/www.libroclub.org\/wp-content\/uploads\/2025\/04\/12f41f8a-bf9f-4086-a4ac-067f2cc46ffc-768x1020.jpg 768w, https:\/\/www.libroclub.org\/wp-content\/uploads\/2025\/04\/12f41f8a-bf9f-4086-a4ac-067f2cc46ffc-1157x1536.jpg 1157w, https:\/\/www.libroclub.org\/wp-content\/uploads\/2025\/04\/12f41f8a-bf9f-4086-a4ac-067f2cc46ffc.jpg 1536w\" sizes=\"(max-width: 771px) 100vw, 771px\" \/><\/figure>\n<\/div>\n\n\n\n<div class=\"wp-block-column is-layout-flow wp-block-column-is-layout-flow\">\n<figure class=\"wp-block-image size-large\"><img loading=\"lazy\" decoding=\"async\" width=\"768\" height=\"1024\" src=\"https:\/\/www.libroclub.org\/wp-content\/uploads\/2025\/04\/aaa10df2-0754-4427-a83d-4063eb8a868c-768x1024.jpg\" alt=\"\" class=\"wp-image-456\" srcset=\"https:\/\/www.libroclub.org\/wp-content\/uploads\/2025\/04\/aaa10df2-0754-4427-a83d-4063eb8a868c-768x1024.jpg 768w, https:\/\/www.libroclub.org\/wp-content\/uploads\/2025\/04\/aaa10df2-0754-4427-a83d-4063eb8a868c-225x300.jpg 225w, https:\/\/www.libroclub.org\/wp-content\/uploads\/2025\/04\/aaa10df2-0754-4427-a83d-4063eb8a868c-1152x1536.jpg 1152w, https:\/\/www.libroclub.org\/wp-content\/uploads\/2025\/04\/aaa10df2-0754-4427-a83d-4063eb8a868c.jpg 1200w\" sizes=\"(max-width: 768px) 100vw, 768px\" \/><\/figure>\n<\/div>\n\n\n\n<div class=\"wp-block-column is-layout-flow wp-block-column-is-layout-flow\">\n<figure class=\"wp-block-image size-large\"><img loading=\"lazy\" decoding=\"async\" width=\"819\" height=\"1024\" src=\"https:\/\/www.libroclub.org\/wp-content\/uploads\/2025\/04\/B9C76C88-DE23-4659-A0F9-2E0D914D6E7C-819x1024.jpg\" alt=\"\" class=\"wp-image-457\" srcset=\"https:\/\/www.libroclub.org\/wp-content\/uploads\/2025\/04\/B9C76C88-DE23-4659-A0F9-2E0D914D6E7C-819x1024.jpg 819w, https:\/\/www.libroclub.org\/wp-content\/uploads\/2025\/04\/B9C76C88-DE23-4659-A0F9-2E0D914D6E7C-240x300.jpg 240w, https:\/\/www.libroclub.org\/wp-content\/uploads\/2025\/04\/B9C76C88-DE23-4659-A0F9-2E0D914D6E7C-768x960.jpg 768w, https:\/\/www.libroclub.org\/wp-content\/uploads\/2025\/04\/B9C76C88-DE23-4659-A0F9-2E0D914D6E7C-1229x1536.jpg 1229w, https:\/\/www.libroclub.org\/wp-content\/uploads\/2025\/04\/B9C76C88-DE23-4659-A0F9-2E0D914D6E7C-1638x2048.jpg 1638w, https:\/\/www.libroclub.org\/wp-content\/uploads\/2025\/04\/B9C76C88-DE23-4659-A0F9-2E0D914D6E7C-scaled.jpg 2048w\" sizes=\"(max-width: 819px) 100vw, 819px\" \/><\/figure>\n<\/div>\n<\/div>\n\n\n\n<div class=\"wp-block-columns is-layout-flex wp-container-core-columns-is-layout-3 wp-block-columns-is-layout-flex\">\n<div class=\"wp-block-column is-layout-flow wp-block-column-is-layout-flow\">\n<figure class=\"wp-block-image size-large\"><img loading=\"lazy\" decoding=\"async\" width=\"768\" height=\"1024\" src=\"https:\/\/www.libroclub.org\/wp-content\/uploads\/2025\/04\/IMG_4312-2-768x1024.jpg\" alt=\"\" class=\"wp-image-467\" srcset=\"https:\/\/www.libroclub.org\/wp-content\/uploads\/2025\/04\/IMG_4312-2-768x1024.jpg 768w, https:\/\/www.libroclub.org\/wp-content\/uploads\/2025\/04\/IMG_4312-2-225x300.jpg 225w, https:\/\/www.libroclub.org\/wp-content\/uploads\/2025\/04\/IMG_4312-2-1152x1536.jpg 1152w, https:\/\/www.libroclub.org\/wp-content\/uploads\/2025\/04\/IMG_4312-2-1536x2048.jpg 1536w, https:\/\/www.libroclub.org\/wp-content\/uploads\/2025\/04\/IMG_4312-2-scaled.jpg 1920w\" sizes=\"(max-width: 768px) 100vw, 768px\" \/><\/figure>\n<\/div>\n\n\n\n<div class=\"wp-block-column is-layout-flow wp-block-column-is-layout-flow\">\n<figure class=\"wp-block-image size-large\"><img loading=\"lazy\" decoding=\"async\" width=\"768\" height=\"1024\" src=\"https:\/\/www.libroclub.org\/wp-content\/uploads\/2025\/04\/IMG_4998-1-768x1024.jpg\" alt=\"\" class=\"wp-image-468\" srcset=\"https:\/\/www.libroclub.org\/wp-content\/uploads\/2025\/04\/IMG_4998-1-768x1024.jpg 768w, https:\/\/www.libroclub.org\/wp-content\/uploads\/2025\/04\/IMG_4998-1-225x300.jpg 225w, https:\/\/www.libroclub.org\/wp-content\/uploads\/2025\/04\/IMG_4998-1-1152x1536.jpg 1152w, https:\/\/www.libroclub.org\/wp-content\/uploads\/2025\/04\/IMG_4998-1-1536x2048.jpg 1536w, https:\/\/www.libroclub.org\/wp-content\/uploads\/2025\/04\/IMG_4998-1-scaled.jpg 1920w\" sizes=\"(max-width: 768px) 100vw, 768px\" \/><\/figure>\n<\/div>\n\n\n\n<div class=\"wp-block-column is-layout-flow wp-block-column-is-layout-flow\">\n<figure class=\"wp-block-image size-large\"><img loading=\"lazy\" decoding=\"async\" width=\"768\" height=\"1024\" src=\"https:\/\/www.libroclub.org\/wp-content\/uploads\/2025\/04\/IMG_5990-768x1024.jpg\" alt=\"\" class=\"wp-image-469\" srcset=\"https:\/\/www.libroclub.org\/wp-content\/uploads\/2025\/04\/IMG_5990-768x1024.jpg 768w, https:\/\/www.libroclub.org\/wp-content\/uploads\/2025\/04\/IMG_5990-225x300.jpg 225w, https:\/\/www.libroclub.org\/wp-content\/uploads\/2025\/04\/IMG_5990-1152x1536.jpg 1152w, https:\/\/www.libroclub.org\/wp-content\/uploads\/2025\/04\/IMG_5990-1536x2048.jpg 1536w, https:\/\/www.libroclub.org\/wp-content\/uploads\/2025\/04\/IMG_5990-scaled.jpg 1920w\" sizes=\"(max-width: 768px) 100vw, 768px\" \/><\/figure>\n<\/div>\n<\/div>\n\n\n\n<figure class=\"wp-block-image size-full\"><img loading=\"lazy\" decoding=\"async\" width=\"2160\" height=\"1936\" src=\"https:\/\/www.libroclub.org\/wp-content\/uploads\/2025\/04\/EC69EFF3-5668-4BB2-ABB0-11EA5BDE2BD0-1.jpg\" alt=\"\" class=\"wp-image-465\" srcset=\"https:\/\/www.libroclub.org\/wp-content\/uploads\/2025\/04\/EC69EFF3-5668-4BB2-ABB0-11EA5BDE2BD0-1.jpg 2160w, https:\/\/www.libroclub.org\/wp-content\/uploads\/2025\/04\/EC69EFF3-5668-4BB2-ABB0-11EA5BDE2BD0-1-300x269.jpg 300w, https:\/\/www.libroclub.org\/wp-content\/uploads\/2025\/04\/EC69EFF3-5668-4BB2-ABB0-11EA5BDE2BD0-1-1024x918.jpg 1024w, https:\/\/www.libroclub.org\/wp-content\/uploads\/2025\/04\/EC69EFF3-5668-4BB2-ABB0-11EA5BDE2BD0-1-768x688.jpg 768w, https:\/\/www.libroclub.org\/wp-content\/uploads\/2025\/04\/EC69EFF3-5668-4BB2-ABB0-11EA5BDE2BD0-1-1536x1377.jpg 1536w, https:\/\/www.libroclub.org\/wp-content\/uploads\/2025\/04\/EC69EFF3-5668-4BB2-ABB0-11EA5BDE2BD0-1-2048x1836.jpg 2048w\" sizes=\"(max-width: 2160px) 100vw, 2160px\" \/><\/figure>\n\n\n\n<figure class=\"wp-block-image size-large\"><img loading=\"lazy\" decoding=\"async\" width=\"1024\" height=\"682\" src=\"https:\/\/www.libroclub.org\/wp-content\/uploads\/2024\/09\/7870d09c-cb13-4bf4-b9be-7363b3ef4d65-2-1024x682.jpg\" alt=\"\" class=\"wp-image-376\" srcset=\"https:\/\/www.libroclub.org\/wp-content\/uploads\/2024\/09\/7870d09c-cb13-4bf4-b9be-7363b3ef4d65-2-1024x682.jpg 1024w, https:\/\/www.libroclub.org\/wp-content\/uploads\/2024\/09\/7870d09c-cb13-4bf4-b9be-7363b3ef4d65-2-300x200.jpg 300w, https:\/\/www.libroclub.org\/wp-content\/uploads\/2024\/09\/7870d09c-cb13-4bf4-b9be-7363b3ef4d65-2-768x512.jpg 768w, https:\/\/www.libroclub.org\/wp-content\/uploads\/2024\/09\/7870d09c-cb13-4bf4-b9be-7363b3ef4d65-2.jpg 1280w\" sizes=\"(max-width: 1024px) 100vw, 1024px\" \/><\/figure>\n","protected":false},"excerpt":{"rendered":"<p>Gal\u00e9ria<\/p>\n","protected":false},"author":1,"featured_media":0,"parent":0,"menu_order":0,"comment_status":"closed","ping_status":"closed","template":"blank","meta":{"_monsterinsights_skip_tracking":false,"_monsterinsights_sitenote_active":false,"_monsterinsights_sitenote_note":"","_monsterinsights_sitenote_category":0,"footnotes":""},"class_list":["post-285","page","type-page","status-publish","hentry"],"yoast_head":"<!-- This site is optimized with the Yoast SEO plugin v23.3 - https:\/\/yoast.com\/wordpress\/plugins\/seo\/ -->\n<title>Gal\u00e9ria - Libro \u2014 \u010ditate\u013esk\u00fd klub<\/title>\n<meta name=\"robots\" content=\"index, follow, max-snippet:-1, max-image-preview:large, max-video-preview:-1\" \/>\n<link rel=\"canonical\" href=\"https:\/\/www.libroclub.org\/?page_id=285\" \/>\n<meta property=\"og:locale\" content=\"sk_SK\" \/>\n<meta property=\"og:type\" content=\"article\" \/>\n<meta property=\"og:title\" content=\"Gal\u00e9ria - Libro \u2014 \u010ditate\u013esk\u00fd klub\" \/>\n<meta property=\"og:description\" content=\"Gal\u00e9ria\" \/>\n<meta property=\"og:url\" content=\"https:\/\/www.libroclub.org\/?page_id=285\" \/>\n<meta property=\"og:site_name\" content=\"Libro \u2014 \u010ditate\u013esk\u00fd klub\" \/>\n<meta property=\"article:modified_time\" content=\"2025-04-18T15:21:44+00:00\" \/>\n<meta property=\"og:image\" content=\"https:\/\/www.libroclub.org\/wp-content\/uploads\/2024\/09\/Screenshot-2024-09-04-at-18.55.39.jpg\" \/>\n<meta name=\"twitter:card\" content=\"summary_large_image\" \/>\n<meta name=\"twitter:label1\" content=\"Predpokladan\u00fd \u010das \u010d\u00edtania\" \/>\n\t<meta name=\"twitter:data1\" content=\"3 min\u00faty\" \/>\n<script type=\"application\/ld+json\" class=\"yoast-schema-graph\">{\"@context\":\"https:\/\/schema.org\",\"@graph\":[{\"@type\":\"WebPage\",\"@id\":\"https:\/\/www.libroclub.org\/?page_id=285\",\"url\":\"https:\/\/www.libroclub.org\/?page_id=285\",\"name\":\"Gal\u00e9ria - Libro \u2014 \u010ditate\u013esk\u00fd klub\",\"isPartOf\":{\"@id\":\"https:\/\/www.libroclub.org\/#website\"},\"primaryImageOfPage\":{\"@id\":\"https:\/\/www.libroclub.org\/?page_id=285#primaryimage\"},\"image\":{\"@id\":\"https:\/\/www.libroclub.org\/?page_id=285#primaryimage\"},\"thumbnailUrl\":\"https:\/\/www.libroclub.org\/wp-content\/uploads\/2024\/09\/Screenshot-2024-09-04-at-18.55.39.jpg\",\"datePublished\":\"2024-09-04T17:00:16+00:00\",\"dateModified\":\"2025-04-18T15:21:44+00:00\",\"breadcrumb\":{\"@id\":\"https:\/\/www.libroclub.org\/?page_id=285#breadcrumb\"},\"inLanguage\":\"sk-SK\",\"potentialAction\":[{\"@type\":\"ReadAction\",\"target\":[\"https:\/\/www.libroclub.org\/?page_id=285\"]}]},{\"@type\":\"ImageObject\",\"inLanguage\":\"sk-SK\",\"@id\":\"https:\/\/www.libroclub.org\/?page_id=285#primaryimage\",\"url\":\"https:\/\/www.libroclub.org\/wp-content\/uploads\/2024\/09\/Screenshot-2024-09-04-at-18.55.39.jpg\",\"contentUrl\":\"https:\/\/www.libroclub.org\/wp-content\/uploads\/2024\/09\/Screenshot-2024-09-04-at-18.55.39.jpg\",\"width\":857,\"height\":649},{\"@type\":\"BreadcrumbList\",\"@id\":\"https:\/\/www.libroclub.org\/?page_id=285#breadcrumb\",\"itemListElement\":[{\"@type\":\"ListItem\",\"position\":1,\"name\":\"Home\",\"item\":\"https:\/\/www.libroclub.org\/\"},{\"@type\":\"ListItem\",\"position\":2,\"name\":\"Gal\u00e9ria\"}]},{\"@type\":\"WebSite\",\"@id\":\"https:\/\/www.libroclub.org\/#website\",\"url\":\"https:\/\/www.libroclub.org\/\",\"name\":\"Libro \u2014 \u010ditate\u013esk\u00fd klub\",\"description\":\"Read more.\",\"publisher\":{\"@id\":\"https:\/\/www.libroclub.org\/#organization\"},\"potentialAction\":[{\"@type\":\"SearchAction\",\"target\":{\"@type\":\"EntryPoint\",\"urlTemplate\":\"https:\/\/www.libroclub.org\/?s={search_term_string}\"},\"query-input\":\"required name=search_term_string\"}],\"inLanguage\":\"sk-SK\"},{\"@type\":\"Organization\",\"@id\":\"https:\/\/www.libroclub.org\/#organization\",\"name\":\"Libro \u2014 \u010ditate\u013esk\u00fd klub\",\"url\":\"https:\/\/www.libroclub.org\/\",\"logo\":{\"@type\":\"ImageObject\",\"inLanguage\":\"sk-SK\",\"@id\":\"https:\/\/www.libroclub.org\/#\/schema\/logo\/image\/\",\"url\":\"https:\/\/www.libroclub.org\/wp-content\/uploads\/2024\/09\/1000_F_301951160_ReY7wvJJQTzuHJUUIn1dWWvKNZRPZlnq-e1725467353765.jpg\",\"contentUrl\":\"https:\/\/www.libroclub.org\/wp-content\/uploads\/2024\/09\/1000_F_301951160_ReY7wvJJQTzuHJUUIn1dWWvKNZRPZlnq-e1725467353765.jpg\",\"width\":440,\"height\":461,\"caption\":\"Libro \u2014 \u010ditate\u013esk\u00fd klub\"},\"image\":{\"@id\":\"https:\/\/www.libroclub.org\/#\/schema\/logo\/image\/\"}}]}<\/script>\n<!-- \/ Yoast SEO plugin. -->","yoast_head_json":{"title":"Gal\u00e9ria - Libro \u2014 \u010ditate\u013esk\u00fd klub","robots":{"index":"index","follow":"follow","max-snippet":"max-snippet:-1","max-image-preview":"max-image-preview:large","max-video-preview":"max-video-preview:-1"},"canonical":"https:\/\/www.libroclub.org\/?page_id=285","og_locale":"sk_SK","og_type":"article","og_title":"Gal\u00e9ria - Libro \u2014 \u010ditate\u013esk\u00fd klub","og_description":"Gal\u00e9ria","og_url":"https:\/\/www.libroclub.org\/?page_id=285","og_site_name":"Libro \u2014 \u010ditate\u013esk\u00fd klub","article_modified_time":"2025-04-18T15:21:44+00:00","og_image":[{"url":"https:\/\/www.libroclub.org\/wp-content\/uploads\/2024\/09\/Screenshot-2024-09-04-at-18.55.39.jpg"}],"twitter_card":"summary_large_image","twitter_misc":{"Predpokladan\u00fd \u010das \u010d\u00edtania":"3 min\u00faty"},"schema":{"@context":"https:\/\/schema.org","@graph":[{"@type":"WebPage","@id":"https:\/\/www.libroclub.org\/?page_id=285","url":"https:\/\/www.libroclub.org\/?page_id=285","name":"Gal\u00e9ria - Libro \u2014 \u010ditate\u013esk\u00fd klub","isPartOf":{"@id":"https:\/\/www.libroclub.org\/#website"},"primaryImageOfPage":{"@id":"https:\/\/www.libroclub.org\/?page_id=285#primaryimage"},"image":{"@id":"https:\/\/www.libroclub.org\/?page_id=285#primaryimage"},"thumbnailUrl":"https:\/\/www.libroclub.org\/wp-content\/uploads\/2024\/09\/Screenshot-2024-09-04-at-18.55.39.jpg","datePublished":"2024-09-04T17:00:16+00:00","dateModified":"2025-04-18T15:21:44+00:00","breadcrumb":{"@id":"https:\/\/www.libroclub.org\/?page_id=285#breadcrumb"},"inLanguage":"sk-SK","potentialAction":[{"@type":"ReadAction","target":["https:\/\/www.libroclub.org\/?page_id=285"]}]},{"@type":"ImageObject","inLanguage":"sk-SK","@id":"https:\/\/www.libroclub.org\/?page_id=285#primaryimage","url":"https:\/\/www.libroclub.org\/wp-content\/uploads\/2024\/09\/Screenshot-2024-09-04-at-18.55.39.jpg","contentUrl":"https:\/\/www.libroclub.org\/wp-content\/uploads\/2024\/09\/Screenshot-2024-09-04-at-18.55.39.jpg","width":857,"height":649},{"@type":"BreadcrumbList","@id":"https:\/\/www.libroclub.org\/?page_id=285#breadcrumb","itemListElement":[{"@type":"ListItem","position":1,"name":"Home","item":"https:\/\/www.libroclub.org\/"},{"@type":"ListItem","position":2,"name":"Gal\u00e9ria"}]},{"@type":"WebSite","@id":"https:\/\/www.libroclub.org\/#website","url":"https:\/\/www.libroclub.org\/","name":"Libro \u2014 \u010ditate\u013esk\u00fd klub","description":"Read more.","publisher":{"@id":"https:\/\/www.libroclub.org\/#organization"},"potentialAction":[{"@type":"SearchAction","target":{"@type":"EntryPoint","urlTemplate":"https:\/\/www.libroclub.org\/?s={search_term_string}"},"query-input":"required name=search_term_string"}],"inLanguage":"sk-SK"},{"@type":"Organization","@id":"https:\/\/www.libroclub.org\/#organization","name":"Libro \u2014 \u010ditate\u013esk\u00fd klub","url":"https:\/\/www.libroclub.org\/","logo":{"@type":"ImageObject","inLanguage":"sk-SK","@id":"https:\/\/www.libroclub.org\/#\/schema\/logo\/image\/","url":"https:\/\/www.libroclub.org\/wp-content\/uploads\/2024\/09\/1000_F_301951160_ReY7wvJJQTzuHJUUIn1dWWvKNZRPZlnq-e1725467353765.jpg","contentUrl":"https:\/\/www.libroclub.org\/wp-content\/uploads\/2024\/09\/1000_F_301951160_ReY7wvJJQTzuHJUUIn1dWWvKNZRPZlnq-e1725467353765.jpg","width":440,"height":461,"caption":"Libro \u2014 \u010ditate\u013esk\u00fd klub"},"image":{"@id":"https:\/\/www.libroclub.org\/#\/schema\/logo\/image\/"}}]}},"_links":{"self":[{"href":"https:\/\/www.libroclub.org\/index.php?rest_route=\/wp\/v2\/pages\/285"}],"collection":[{"href":"https:\/\/www.libroclub.org\/index.php?rest_route=\/wp\/v2\/pages"}],"about":[{"href":"https:\/\/www.libroclub.org\/index.php?rest_route=\/wp\/v2\/types\/page"}],"author":[{"embeddable":true,"href":"https:\/\/www.libroclub.org\/index.php?rest_route=\/wp\/v2\/users\/1"}],"replies":[{"embeddable":true,"href":"https:\/\/www.libroclub.org\/index.php?rest_route=%2Fwp%2Fv2%2Fcomments&post=285"}],"version-history":[{"count":6,"href":"https:\/\/www.libroclub.org\/index.php?rest_route=\/wp\/v2\/pages\/285\/revisions"}],"predecessor-version":[{"id":475,"href":"https:\/\/www.libroclub.org\/index.php?rest_route=\/wp\/v2\/pages\/285\/revisions\/475"}],"wp:attachment":[{"href":"https:\/\/www.libroclub.org\/index.php?rest_route=%2Fwp%2Fv2%2Fmedia&parent=285"}],"curies":[{"name":"wp","href":"https:\/\/api.w.org\/{rel}","templated":true}]}}