{"id":522,"date":"2025-10-19T20:32:14","date_gmt":"2025-10-19T18:32:14","guid":{"rendered":"https:\/\/www.libroclub.org\/?page_id=522"},"modified":"2025-10-19T23:26:44","modified_gmt":"2025-10-19T21:26:44","slug":"libro-moda","status":"publish","type":"page","link":"https:\/\/www.libroclub.org\/?page_id=522","title":{"rendered":"Libro m\u00f3da"},"content":{"rendered":"","protected":false},"excerpt":{"rendered":"","protected":false},"author":1,"featured_media":0,"parent":0,"menu_order":0,"comment_status":"closed","ping_status":"closed","template":"libro-moda-2","meta":{"_monsterinsights_skip_tracking":false,"_monsterinsights_sitenote_active":false,"_monsterinsights_sitenote_note":"","_monsterinsights_sitenote_category":0,"footnotes":""},"class_list":["post-522","page","type-page","status-publish","hentry"],"yoast_head":"<!-- This site is optimized with the Yoast SEO plugin v23.3 - https:\/\/yoast.com\/wordpress\/plugins\/seo\/ -->\n<title>Libro m\u00f3da - Libro \u2014 \u010ditate\u013esk\u00fd klub<\/title>\n<meta name=\"robots\" content=\"index, follow, max-snippet:-1, max-image-preview:large, max-video-preview:-1\" \/>\n<link rel=\"canonical\" href=\"https:\/\/www.libroclub.org\/?page_id=522\" \/>\n<meta property=\"og:locale\" content=\"sk_SK\" \/>\n<meta property=\"og:type\" content=\"article\" \/>\n<meta property=\"og:title\" content=\"Libro m\u00f3da - Libro \u2014 \u010ditate\u013esk\u00fd klub\" \/>\n<meta property=\"og:url\" content=\"https:\/\/www.libroclub.org\/?page_id=522\" \/>\n<meta property=\"og:site_name\" content=\"Libro \u2014 \u010ditate\u013esk\u00fd klub\" \/>\n<meta property=\"article:modified_time\" content=\"2025-10-19T21:26:44+00:00\" \/>\n<meta name=\"twitter:card\" content=\"summary_large_image\" \/>\n<meta name=\"twitter:label1\" content=\"Predpokladan\u00fd \u010das \u010d\u00edtania\" \/>\n\t<meta name=\"twitter:data1\" content=\"5 min\u00fat\" \/>\n<script type=\"application\/ld+json\" class=\"yoast-schema-graph\">{\"@context\":\"https:\/\/schema.org\",\"@graph\":[{\"@type\":\"WebPage\",\"@id\":\"https:\/\/www.libroclub.org\/?page_id=522\",\"url\":\"https:\/\/www.libroclub.org\/?page_id=522\",\"name\":\"Libro m\u00f3da - Libro \u2014 \u010ditate\u013esk\u00fd klub\",\"isPartOf\":{\"@id\":\"https:\/\/www.libroclub.org\/#website\"},\"datePublished\":\"2025-10-19T18:32:14+00:00\",\"dateModified\":\"2025-10-19T21:26:44+00:00\",\"breadcrumb\":{\"@id\":\"https:\/\/www.libroclub.org\/?page_id=522#breadcrumb\"},\"inLanguage\":\"sk-SK\",\"potentialAction\":[{\"@type\":\"ReadAction\",\"target\":[\"https:\/\/www.libroclub.org\/?page_id=522\"]}]},{\"@type\":\"BreadcrumbList\",\"@id\":\"https:\/\/www.libroclub.org\/?page_id=522#breadcrumb\",\"itemListElement\":[{\"@type\":\"ListItem\",\"position\":1,\"name\":\"Home\",\"item\":\"https:\/\/www.libroclub.org\/\"},{\"@type\":\"ListItem\",\"position\":2,\"name\":\"Libro m\u00f3da\"}]},{\"@type\":\"WebSite\",\"@id\":\"https:\/\/www.libroclub.org\/#website\",\"url\":\"https:\/\/www.libroclub.org\/\",\"name\":\"Libro \u2014 \u010ditate\u013esk\u00fd klub\",\"description\":\"Read more.\",\"publisher\":{\"@id\":\"https:\/\/www.libroclub.org\/#organization\"},\"potentialAction\":[{\"@type\":\"SearchAction\",\"target\":{\"@type\":\"EntryPoint\",\"urlTemplate\":\"https:\/\/www.libroclub.org\/?s={search_term_string}\"},\"query-input\":\"required name=search_term_string\"}],\"inLanguage\":\"sk-SK\"},{\"@type\":\"Organization\",\"@id\":\"https:\/\/www.libroclub.org\/#organization\",\"name\":\"Libro \u2014 \u010ditate\u013esk\u00fd klub\",\"url\":\"https:\/\/www.libroclub.org\/\",\"logo\":{\"@type\":\"ImageObject\",\"inLanguage\":\"sk-SK\",\"@id\":\"https:\/\/www.libroclub.org\/#\/schema\/logo\/image\/\",\"url\":\"https:\/\/www.libroclub.org\/wp-content\/uploads\/2024\/09\/1000_F_301951160_ReY7wvJJQTzuHJUUIn1dWWvKNZRPZlnq-e1725467353765.jpg\",\"contentUrl\":\"https:\/\/www.libroclub.org\/wp-content\/uploads\/2024\/09\/1000_F_301951160_ReY7wvJJQTzuHJUUIn1dWWvKNZRPZlnq-e1725467353765.jpg\",\"width\":440,\"height\":461,\"caption\":\"Libro \u2014 \u010ditate\u013esk\u00fd klub\"},\"image\":{\"@id\":\"https:\/\/www.libroclub.org\/#\/schema\/logo\/image\/\"}}]}<\/script>\n<!-- \/ Yoast SEO plugin. -->","yoast_head_json":{"title":"Libro m\u00f3da - Libro \u2014 \u010ditate\u013esk\u00fd klub","robots":{"index":"index","follow":"follow","max-snippet":"max-snippet:-1","max-image-preview":"max-image-preview:large","max-video-preview":"max-video-preview:-1"},"canonical":"https:\/\/www.libroclub.org\/?page_id=522","og_locale":"sk_SK","og_type":"article","og_title":"Libro m\u00f3da - Libro \u2014 \u010ditate\u013esk\u00fd klub","og_url":"https:\/\/www.libroclub.org\/?page_id=522","og_site_name":"Libro \u2014 \u010ditate\u013esk\u00fd klub","article_modified_time":"2025-10-19T21:26:44+00:00","twitter_card":"summary_large_image","twitter_misc":{"Predpokladan\u00fd \u010das \u010d\u00edtania":"5 min\u00fat"},"schema":{"@context":"https:\/\/schema.org","@graph":[{"@type":"WebPage","@id":"https:\/\/www.libroclub.org\/?page_id=522","url":"https:\/\/www.libroclub.org\/?page_id=522","name":"Libro m\u00f3da - Libro \u2014 \u010ditate\u013esk\u00fd klub","isPartOf":{"@id":"https:\/\/www.libroclub.org\/#website"},"datePublished":"2025-10-19T18:32:14+00:00","dateModified":"2025-10-19T21:26:44+00:00","breadcrumb":{"@id":"https:\/\/www.libroclub.org\/?page_id=522#breadcrumb"},"inLanguage":"sk-SK","potentialAction":[{"@type":"ReadAction","target":["https:\/\/www.libroclub.org\/?page_id=522"]}]},{"@type":"BreadcrumbList","@id":"https:\/\/www.libroclub.org\/?page_id=522#breadcrumb","itemListElement":[{"@type":"ListItem","position":1,"name":"Home","item":"https:\/\/www.libroclub.org\/"},{"@type":"ListItem","position":2,"name":"Libro m\u00f3da"}]},{"@type":"WebSite","@id":"https:\/\/www.libroclub.org\/#website","url":"https:\/\/www.libroclub.org\/","name":"Libro \u2014 \u010ditate\u013esk\u00fd klub","description":"Read more.","publisher":{"@id":"https:\/\/www.libroclub.org\/#organization"},"potentialAction":[{"@type":"SearchAction","target":{"@type":"EntryPoint","urlTemplate":"https:\/\/www.libroclub.org\/?s={search_term_string}"},"query-input":"required name=search_term_string"}],"inLanguage":"sk-SK"},{"@type":"Organization","@id":"https:\/\/www.libroclub.org\/#organization","name":"Libro \u2014 \u010ditate\u013esk\u00fd klub","url":"https:\/\/www.libroclub.org\/","logo":{"@type":"ImageObject","inLanguage":"sk-SK","@id":"https:\/\/www.libroclub.org\/#\/schema\/logo\/image\/","url":"https:\/\/www.libroclub.org\/wp-content\/uploads\/2024\/09\/1000_F_301951160_ReY7wvJJQTzuHJUUIn1dWWvKNZRPZlnq-e1725467353765.jpg","contentUrl":"https:\/\/www.libroclub.org\/wp-content\/uploads\/2024\/09\/1000_F_301951160_ReY7wvJJQTzuHJUUIn1dWWvKNZRPZlnq-e1725467353765.jpg","width":440,"height":461,"caption":"Libro \u2014 \u010ditate\u013esk\u00fd klub"},"image":{"@id":"https:\/\/www.libroclub.org\/#\/schema\/logo\/image\/"}}]}},"_links":{"self":[{"href":"https:\/\/www.libroclub.org\/index.php?rest_route=\/wp\/v2\/pages\/522"}],"collection":[{"href":"https:\/\/www.libroclub.org\/index.php?rest_route=\/wp\/v2\/pages"}],"about":[{"href":"https:\/\/www.libroclub.org\/index.php?rest_route=\/wp\/v2\/types\/page"}],"author":[{"embeddable":true,"href":"https:\/\/www.libroclub.org\/index.php?rest_route=\/wp\/v2\/users\/1"}],"replies":[{"embeddable":true,"href":"https:\/\/www.libroclub.org\/index.php?rest_route=%2Fwp%2Fv2%2Fcomments&post=522"}],"version-history":[{"count":1,"href":"https:\/\/www.libroclub.org\/index.php?rest_route=\/wp\/v2\/pages\/522\/revisions"}],"predecessor-version":[{"id":523,"href":"https:\/\/www.libroclub.org\/index.php?rest_route=\/wp\/v2\/pages\/522\/revisions\/523"}],"wp:attachment":[{"href":"https:\/\/www.libroclub.org\/index.php?rest_route=%2Fwp%2Fv2%2Fmedia&parent=522"}],"curies":[{"name":"wp","href":"https:\/\/api.w.org\/{rel}","templated":true}]}}